{"id":6610,"date":"2023-12-26T13:58:32","date_gmt":"2023-12-26T12:58:32","guid":{"rendered":"https:\/\/villegasphoto.com\/coverage-of-sporting-events\/"},"modified":"2023-12-26T18:36:31","modified_gmt":"2023-12-26T17:36:31","slug":"coverage-of-sporting-events","status":"publish","type":"page","link":"https:\/\/villegasphoto.com\/en\/coverage-of-sporting-events\/","title":{"rendered":"Coverage of Sporting Events"},"content":{"rendered":"\n<div class=\"wp-block-media-text alignwide is-stacked-on-mobile is-vertically-aligned-top is-image-fill has-nv-light-bg-background-color has-background\"><figure class=\"wp-block-media-text__media\" style=\"background-image:url(https:\/\/villegasphoto.com\/wp-content\/uploads\/2023\/12\/entrada_jul-31-2023-4-1-1024x682.webp);background-position:31% 83%\"><img loading=\"lazy\" decoding=\"async\" width=\"1024\" height=\"682\" src=\"https:\/\/villegasphoto.com\/wp-content\/uploads\/2023\/12\/entrada_jul-31-2023-4-1-1024x682.webp\" alt=\"sporting events, regattas, copa del rey \" class=\"wp-image-6431 size-full\" srcset=\"https:\/\/villegasphoto.com\/wp-content\/uploads\/2023\/12\/entrada_jul-31-2023-4-1-1024x682.webp 1024w, https:\/\/villegasphoto.com\/wp-content\/uploads\/2023\/12\/entrada_jul-31-2023-4-1-300x200.webp 300w, https:\/\/villegasphoto.com\/wp-content\/uploads\/2023\/12\/entrada_jul-31-2023-4-1-768x512.webp 768w, https:\/\/villegasphoto.com\/wp-content\/uploads\/2023\/12\/entrada_jul-31-2023-4-1-1536x1023.webp 1536w, https:\/\/villegasphoto.com\/wp-content\/uploads\/2023\/12\/entrada_jul-31-2023-4-1.webp 1800w\" sizes=\"auto, (max-width: 1024px) 100vw, 1024px\" \/><\/figure><div class=\"wp-block-media-text__content\">\n<h2 class=\"wp-block-heading has-text-align-center\">Sporting Events<\/h2>\n\n\n\n<p>I have the necessary equipment for indoor and outdoor sporting events. <\/p>\n\n\n\n<p>Experienced in covering national and international events such as <strong>regattas, tennis tournaments, golf tournaments and endurance races<\/strong>. Working for communication agencies, press agencies or direct contracting by the client.<\/p>\n\n\n\n<p>If you would like to see more of my recent work, you can check my instagram feed <a class=\"rank-math-link\" href=\"https:\/\/www.instagram.com\/villegastab\/\" target=\"_blank\" rel=\"noreferrer noopener\">@<\/a><a class=\"rank-math-link\" href=\"https:\/\/www.instagram.com\/villegastab_sport\/\" target=\"_blank\" rel=\"noreferrer noopener\">villegastab_sport<\/a><\/p>\n<\/div><\/div>\n\n<h2 class=\"wp-block-heading\"><\/h2>\n\n<div class=\"wp-block-media-text alignwide has-media-on-the-right is-stacked-on-mobile is-image-fill has-nv-light-bg-background-color has-background\" style=\"margin-top:var(--wp--preset--spacing--10);margin-bottom:var(--wp--preset--spacing--10)\"><div class=\"wp-block-media-text__content\">\n<h2 class=\"wp-block-heading has-text-align-center\">International Recognition <\/h2>\n\n\n\n<p>The <strong><a href=\"https:\/\/www.regatacopadelrey.com\/\" target=\"_blank\" rel=\"noreferrer noopener\">Copa del Rey MAPFRE<\/a><\/strong>, the <strong><a href=\"https:\/\/www.trofeoprincesasofia.org\/\" target=\"_blank\" rel=\"noreferrer noopener\">Trofeo Princesa S.A.R. Princesa Sof\u00eda<\/a><\/strong>, the <strong><a href=\"https:\/\/www.mallorca-championships.com\" target=\"_blank\" rel=\"noreferrer noopener\">Mallorca Championships ATP250<\/a><\/strong> and the <strong><a href=\"https:\/\/www.mallorcagolfopen.com\" target=\"_blank\" rel=\"noreferrer noopener\">Mallorca Golf Open<\/a><\/strong>, both men&#8217;s and women&#8217;s, are prestigious international events that require a high level of specialisation and which I have had the privilege of covering for many years.<\/p>\n\n\n\n<p><a href=\"https:\/\/villegasphoto.com\/en\/articles\/\" target=\"_blank\" rel=\"noreferrer noopener\">In this part of the website you can read some of the articles and see some of the images of the events where I have developed my work.<\/a><\/p>\n<\/div><figure class=\"wp-block-media-text__media\" style=\"background-image:url(https:\/\/villegasphoto.com\/wp-content\/uploads\/2023\/12\/Galeria_nov-16-2023-2-1024x683.webp);background-position:57% 25%\"><img loading=\"lazy\" decoding=\"async\" width=\"1024\" height=\"683\" src=\"https:\/\/villegasphoto.com\/wp-content\/uploads\/2023\/12\/Galeria_nov-16-2023-2-1024x683.webp\" alt=\"Ladies Golf Open Tour\" class=\"wp-image-793 size-full\" srcset=\"https:\/\/villegasphoto.com\/wp-content\/uploads\/2023\/12\/Galeria_nov-16-2023-2-1024x683.webp 1024w, https:\/\/villegasphoto.com\/wp-content\/uploads\/2023\/12\/Galeria_nov-16-2023-2-300x200.webp 300w, https:\/\/villegasphoto.com\/wp-content\/uploads\/2023\/12\/Galeria_nov-16-2023-2-768x512.webp 768w, https:\/\/villegasphoto.com\/wp-content\/uploads\/2023\/12\/Galeria_nov-16-2023-2-1536x1024.webp 1536w, https:\/\/villegasphoto.com\/wp-content\/uploads\/2023\/12\/Galeria_nov-16-2023-2-2048x1366.webp 2048w\" sizes=\"auto, (max-width: 1024px) 100vw, 1024px\" \/><\/figure><\/div>\n\n<h2 class=\"wp-block-heading\"><\/h2>\n\n<div class=\"wp-block-media-text alignwide is-stacked-on-mobile is-image-fill has-nv-light-bg-background-color has-background\"><figure class=\"wp-block-media-text__media\" style=\"background-image:url(https:\/\/villegasphoto.com\/wp-content\/uploads\/2023\/12\/tenis_2023_jul-01-2023-3-1024x682.webp);background-position:47% 30%\"><img loading=\"lazy\" decoding=\"async\" width=\"1024\" height=\"682\" src=\"https:\/\/villegasphoto.com\/wp-content\/uploads\/2023\/12\/tenis_2023_jul-01-2023-3-1024x682.webp\" alt=\"Tennis\" class=\"wp-image-971 size-full\" srcset=\"https:\/\/villegasphoto.com\/wp-content\/uploads\/2023\/12\/tenis_2023_jul-01-2023-3-1024x682.webp 1024w, https:\/\/villegasphoto.com\/wp-content\/uploads\/2023\/12\/tenis_2023_jul-01-2023-3-300x200.webp 300w, https:\/\/villegasphoto.com\/wp-content\/uploads\/2023\/12\/tenis_2023_jul-01-2023-3-768x511.webp 768w, https:\/\/villegasphoto.com\/wp-content\/uploads\/2023\/12\/tenis_2023_jul-01-2023-3-1536x1022.webp 1536w, https:\/\/villegasphoto.com\/wp-content\/uploads\/2023\/12\/tenis_2023_jul-01-2023-3.webp 1600w\" sizes=\"auto, (max-width: 1024px) 100vw, 1024px\" \/><\/figure><div class=\"wp-block-media-text__content\">\n<h2 class=\"wp-block-heading has-text-align-center\">Teamwork<\/h2>\n\n\n\n<p>Natural ability to work well with multidisciplinary teams, enhancing results and helping to create a relaxed atmosphere.<\/p>\n\n\n\n<p>I welcome criticism in any professional area to help me improve.<\/p>\n\n\n\n<p>I tend to be clear, concise and assertive in communication in order to optimise the tasks I have to carry out.<\/p>\n\n\n\n<p><\/p>\n<\/div><\/div>\n\n<h2 class=\"wp-block-heading\"><\/h2>\n\n<div class=\"wp-block-media-text alignwide has-media-on-the-right is-stacked-on-mobile is-image-fill has-nv-light-bg-background-color has-background\" style=\"grid-template-columns:auto 49%\"><div class=\"wp-block-media-text__content\">\n<h2 class=\"wp-block-heading has-text-align-center\">What services do I offer?<\/h2>\n\n\n\n<p>The following is a list of the basic services we offer at all events. We always prepare a detailed quotation once we have been provided with the necessary information.<\/p>\n\n\n\n<p class=\"has-nv-site-bg-background-color has-background\">-.  <strong><strong>Hiring by the hour or by the day.<br \/>-. JPG in high resolution<\/strong>.<br \/>-.  <strong>Basic editing (tones, exposure, etc&#8230;).<br \/>-. Transfer of highlights during the event.<br \/>-. Post-event transfer by Wetransfer.<br \/>-. Travel included in Mallorca<\/strong><\/strong>.<\/p>\n\n\n\n<p class=\"has-text-align-center has-background\" style=\"background-color:#f0c60a;font-size:clamp(14px, 0.875rem + ((1vw - 3.2px) * 0.521), 19px);px\"><strong>Request a quote<\/strong><\/p>\n\n\n<div class=\"wpforms-container wpforms-container-full wpforms-block wpforms-block-9f07278f-91c8-4ca2-9a3a-d093157e8dda wpforms-render-modern\" id=\"wpforms-6574\"><form id=\"wpforms-form-6574\" class=\"wpforms-validate wpforms-form wpforms-ajax-form\" data-formid=\"6574\" method=\"post\" enctype=\"multipart\/form-data\" action=\"\/en\/wp-json\/wp\/v2\/pages\/6610\" data-token=\"e923cfc7993f7346d3521077ee803201\" data-token-time=\"1776000137\"><noscript class=\"wpforms-error-noscript\">Please enable JavaScript in your browser to complete this form.<\/noscript><div id=\"wpforms-error-noscript\" style=\"display: none;\">Please enable JavaScript in your browser to complete this form.<\/div><div class=\"wpforms-field-container\"><div id=\"wpforms-6574-field_1-container\" class=\"wpforms-field wpforms-field-name wpforms-one-half wpforms-first\" data-field-id=\"1\"><label class=\"wpforms-field-label\" for=\"wpforms-6574-field_1\">Nombre <span class=\"wpforms-required-label\" aria-hidden=\"true\">*<\/span><\/label><input type=\"text\" id=\"wpforms-6574-field_1\" class=\"wpforms-field-large wpforms-field-required\" name=\"wpforms[fields][1]\" aria-errormessage=\"wpforms-6574-field_1-error\" required><\/div><div id=\"wpforms-6574-field_3-container\" class=\"wpforms-field wpforms-field-text wpforms-one-half\" data-field-id=\"3\"><label class=\"wpforms-field-label\" for=\"wpforms-6574-field_3\">Tel\u00e9fono <span class=\"wpforms-required-label\" aria-hidden=\"true\">*<\/span><\/label><input type=\"text\" id=\"wpforms-6574-field_3\" class=\"wpforms-field-medium wpforms-field-required wpforms-limit-characters-enabled\" data-form-id=\"6574\" data-field-id=\"3\" data-text-limit=\"20\" name=\"wpforms[fields][3]\" placeholder=\"+XX XXX XXX XXX\" aria-errormessage=\"wpforms-6574-field_3-error\" maxlength=\"20\" required><\/div><div id=\"wpforms-6574-field_2-container\" class=\"wpforms-field wpforms-field-email\" data-field-id=\"2\"><label class=\"wpforms-field-label\" for=\"wpforms-6574-field_2\">Correo electr\u00f3nico <span class=\"wpforms-required-label\" aria-hidden=\"true\">*<\/span><\/label><input type=\"email\" id=\"wpforms-6574-field_2\" class=\"wpforms-field-medium wpforms-field-required\" name=\"wpforms[fields][2]\" spellcheck=\"false\" aria-errormessage=\"wpforms-6574-field_2-error\" required><\/div><div id=\"wpforms-6574-field_5-container\" class=\"wpforms-field wpforms-field-textarea\" data-field-id=\"5\"><label class=\"wpforms-field-label\" for=\"wpforms-6574-field_5\">Informaci\u00f3n del evento<\/label><textarea id=\"wpforms-6574-field_5\" class=\"wpforms-field-medium\" name=\"wpforms[fields][5]\" aria-errormessage=\"wpforms-6574-field_5-error\" ><\/textarea><\/div><div id=\"wpforms-6574-field_4-container\" class=\"wpforms-field wpforms-field-gdpr-checkbox\" data-field-id=\"4\"><label class=\"wpforms-field-label\">Acuerdo RGPD <span class=\"wpforms-required-label\" aria-hidden=\"true\">*<\/span><\/label><ul id=\"wpforms-6574-field_4\" class=\"wpforms-field-required\"><li class=\"choice-1\"><input type=\"checkbox\" id=\"wpforms-6574-field_4_1\" name=\"wpforms[fields][4][]\" value=\"Doy mi consentimiento para que esta web almacene la informaci\u00f3n que env\u00edo para que puedan responder a mi petici\u00f3n.\" aria-errormessage=\"wpforms-6574-field_4_1-error\" required ><label class=\"wpforms-field-label-inline\" for=\"wpforms-6574-field_4_1\">Doy mi consentimiento para que esta web almacene la informaci\u00f3n que env\u00edo para que puedan responder a mi petici\u00f3n.<\/label><\/li><\/ul><\/div><\/div><!-- .wpforms-field-container --><div class=\"wpforms-recaptcha-container wpforms-is-turnstile\" ><div class=\"wpforms-turnstile\" data-sitekey=\"0x4AAAAAAAOpm3lpGtWY2sti\" data-action=\"FormID-6574\"><\/div><input type=\"text\" name=\"g-recaptcha-hidden\" class=\"wpforms-recaptcha-hidden\" style=\"position:absolute!important;clip:rect(0,0,0,0)!important;height:1px!important;width:1px!important;border:0!important;overflow:hidden!important;padding:0!important;margin:0!important;\" data-rule-turnstile=\"1\"><\/div><div class=\"wpforms-submit-container\" ><input type=\"hidden\" name=\"wpforms[id]\" value=\"6574\"><input type=\"hidden\" name=\"page_title\" value=\"\"><input type=\"hidden\" name=\"page_url\" value=\"https:\/\/villegasphoto.com\/en\/wp-json\/wp\/v2\/pages\/6610\"><input type=\"hidden\" name=\"url_referer\" value=\"\"><button type=\"submit\" name=\"wpforms[submit]\" id=\"wpforms-submit-6574\" class=\"wpforms-submit\" data-alt-text=\"Enviando...\" data-submit-text=\"Enviar\" aria-live=\"assertive\" value=\"wpforms-submit\">Enviar<\/button><img loading=\"lazy\" decoding=\"async\" src=\"https:\/\/villegasphoto.com\/wp-content\/plugins\/wpforms-lite\/assets\/images\/submit-spin.svg\" class=\"wpforms-submit-spinner\" style=\"display: none;\" width=\"26\" height=\"26\" alt=\"Loading\"><\/div><\/form><\/div>  <!-- .wpforms-container --><\/div><figure class=\"wp-block-media-text__media\" style=\"background-image:url(https:\/\/villegasphoto.com\/wp-content\/uploads\/2023\/12\/Golf_LET_nov-18-2023-1024x683.webp);background-position:60% 24%\"><img loading=\"lazy\" decoding=\"async\" width=\"1024\" height=\"683\" src=\"https:\/\/villegasphoto.com\/wp-content\/uploads\/2023\/12\/Golf_LET_nov-18-2023-1024x683.webp\" alt=\"Ladies Golf Open Tour\" class=\"wp-image-805 size-full\" srcset=\"https:\/\/villegasphoto.com\/wp-content\/uploads\/2023\/12\/Golf_LET_nov-18-2023-1024x683.webp 1024w, https:\/\/villegasphoto.com\/wp-content\/uploads\/2023\/12\/Golf_LET_nov-18-2023-300x200.webp 300w, https:\/\/villegasphoto.com\/wp-content\/uploads\/2023\/12\/Golf_LET_nov-18-2023-768x512.webp 768w, https:\/\/villegasphoto.com\/wp-content\/uploads\/2023\/12\/Golf_LET_nov-18-2023-1536x1024.webp 1536w, https:\/\/villegasphoto.com\/wp-content\/uploads\/2023\/12\/Golf_LET_nov-18-2023-2048x1366.webp 2048w\" sizes=\"auto, (max-width: 1024px) 100vw, 1024px\" \/><\/figure><\/div>\n\n<p><\/p>\n","protected":false},"excerpt":{"rendered":"<p>Sporting Events I have the necessary equipment for indoor and outdoor sporting events. Experienced in covering national and international events such as regattas, tennis tournaments, golf tournaments and endurance races. Working for communication agencies, press agencies or direct contracting by the client. If you would like to see more of my recent work, you can [&hellip;]<\/p>\n","protected":false},"author":1,"featured_media":0,"parent":0,"menu_order":0,"comment_status":"closed","ping_status":"closed","template":"page-no-title","meta":{"footnotes":""},"class_list":["post-6610","page","type-page","status-publish","hentry"],"_links":{"self":[{"href":"https:\/\/villegasphoto.com\/en\/wp-json\/wp\/v2\/pages\/6610","targetHints":{"allow":["GET"]}}],"collection":[{"href":"https:\/\/villegasphoto.com\/en\/wp-json\/wp\/v2\/pages"}],"about":[{"href":"https:\/\/villegasphoto.com\/en\/wp-json\/wp\/v2\/types\/page"}],"author":[{"embeddable":true,"href":"https:\/\/villegasphoto.com\/en\/wp-json\/wp\/v2\/users\/1"}],"replies":[{"embeddable":true,"href":"https:\/\/villegasphoto.com\/en\/wp-json\/wp\/v2\/comments?post=6610"}],"version-history":[{"count":2,"href":"https:\/\/villegasphoto.com\/en\/wp-json\/wp\/v2\/pages\/6610\/revisions"}],"predecessor-version":[{"id":6612,"href":"https:\/\/villegasphoto.com\/en\/wp-json\/wp\/v2\/pages\/6610\/revisions\/6612"}],"wp:attachment":[{"href":"https:\/\/villegasphoto.com\/en\/wp-json\/wp\/v2\/media?parent=6610"}],"curies":[{"name":"wp","href":"https:\/\/api.w.org\/{rel}","templated":true}]}}