{"id":6606,"date":"2023-12-26T15:06:41","date_gmt":"2023-12-26T14:06:41","guid":{"rendered":"https:\/\/villegasphoto.com\/coverage-performing-arts\/"},"modified":"2023-12-26T15:52:11","modified_gmt":"2023-12-26T14:52:11","slug":"coverage-performing-arts","status":"publish","type":"page","link":"https:\/\/villegasphoto.com\/en\/coverage-performing-arts\/","title":{"rendered":"Coverage Performing Arts"},"content":{"rendered":"\n<div class=\"wp-block-media-text alignwide is-stacked-on-mobile is-vertically-aligned-top has-nv-light-bg-background-color has-background\"><figure class=\"wp-block-media-text__media\"><img loading=\"lazy\" decoding=\"async\" width=\"1024\" height=\"683\" src=\"https:\/\/villegasphoto.com\/wp-content\/uploads\/2023\/12\/ikimilikiki_may-27-2023-1024x683.webp\" alt=\"Performing Arts, Ikimilikiki\" class=\"wp-image-643 size-full\" srcset=\"https:\/\/villegasphoto.com\/wp-content\/uploads\/2023\/12\/ikimilikiki_may-27-2023-1024x683.webp 1024w, https:\/\/villegasphoto.com\/wp-content\/uploads\/2023\/12\/ikimilikiki_may-27-2023-300x200.webp 300w, https:\/\/villegasphoto.com\/wp-content\/uploads\/2023\/12\/ikimilikiki_may-27-2023-768x512.webp 768w, https:\/\/villegasphoto.com\/wp-content\/uploads\/2023\/12\/ikimilikiki_may-27-2023-1536x1024.webp 1536w, https:\/\/villegasphoto.com\/wp-content\/uploads\/2023\/12\/ikimilikiki_may-27-2023.webp 1800w\" sizes=\"auto, (max-width: 1024px) 100vw, 1024px\" \/><\/figure><div class=\"wp-block-media-text__content\">\n<h2 class=\"wp-block-heading has-text-align-center\">Teather<\/h2>\n\n\n\n<p>Within the performing arts, theatre is the best known and the one in which I have demonstrable experience covering the most important fairs in the Balearic Islands such as <a href=\"https:\/\/fiet.cat\" target=\"_blank\" rel=\"noreferrer noopener\">FIET<\/a>, the <a href=\"https:\/\/festivalbarruguet.com\" target=\"_blank\" rel=\"noreferrer noopener\">Barruguet Festival<\/a> or the <a href=\"http:\/\/www.firab.org\/\" target=\"_blank\" rel=\"noreferrer noopener\">FiraB!<\/a><\/p>\n\n\n\n<p>I also have the necessary equipment for the difficult conditions in which these events usually take place and thus take high quality images.<\/p>\n\n\n\n<p>If you would like to see a more recent sample of my work you can visit my instagram profile at: <a class=\"rank-math-link\" href=\"https:\/\/www.instagram.com\/villegastab\/\" target=\"_blank\" rel=\"noreferrer noopener\">@<\/a><a class=\"rank-math-link\" href=\"https:\/\/www.instagram.com\/villegastab_sport\/\" target=\"_blank\" rel=\"noreferrer noopener\">villegastab_sport<\/a><\/p>\n<\/div><\/div>\n\n<h2 class=\"wp-block-heading\"><\/h2>\n\n<div class=\"wp-block-media-text alignwide has-media-on-the-right is-stacked-on-mobile has-nv-light-bg-background-color has-background\" style=\"padding-right:0;padding-left:0\"><div class=\"wp-block-media-text__content\">\n<h2 class=\"wp-block-heading has-text-align-center\">Dance<\/h2>\n\n\n\n<p>Dance is a language where communication takes place through corporal expression. <\/p>\n\n\n\n<p>Freezing the instant when that expression is strongest is the objective pursued in the most discreet way possible. <\/p>\n\n\n\n<p>In each pass, this instant is sought over and over again until it is achieved.<\/p>\n<\/div><figure class=\"wp-block-media-text__media\"><img loading=\"lazy\" decoding=\"async\" width=\"1024\" height=\"682\" src=\"https:\/\/villegasphoto.com\/wp-content\/uploads\/2023\/12\/danza_nov-14-2021-1-1024x682.jpg\" alt=\"Dance\" class=\"wp-image-955 size-full\" srcset=\"https:\/\/villegasphoto.com\/wp-content\/uploads\/2023\/12\/danza_nov-14-2021-1-1024x682.jpg 1024w, https:\/\/villegasphoto.com\/wp-content\/uploads\/2023\/12\/danza_nov-14-2021-1-300x200.jpg 300w, https:\/\/villegasphoto.com\/wp-content\/uploads\/2023\/12\/danza_nov-14-2021-1-768x512.jpg 768w, https:\/\/villegasphoto.com\/wp-content\/uploads\/2023\/12\/danza_nov-14-2021-1-1536x1024.jpg 1536w, https:\/\/villegasphoto.com\/wp-content\/uploads\/2023\/12\/danza_nov-14-2021-1.jpg 2000w\" sizes=\"auto, (max-width: 1024px) 100vw, 1024px\" \/><\/figure><\/div>\n\n<h2 class=\"wp-block-heading\"><\/h2>\n\n<div class=\"wp-block-media-text alignwide is-stacked-on-mobile has-nv-light-bg-background-color has-background\"><figure class=\"wp-block-media-text__media\"><img loading=\"lazy\" decoding=\"async\" width=\"1024\" height=\"682\" src=\"https:\/\/villegasphoto.com\/wp-content\/uploads\/2023\/12\/musica_nov-12-2021.jpg-1024x682.webp\" alt=\"JAZZ\" class=\"wp-image-438 size-full\" srcset=\"https:\/\/villegasphoto.com\/wp-content\/uploads\/2023\/12\/musica_nov-12-2021.jpg-1024x682.webp 1024w, https:\/\/villegasphoto.com\/wp-content\/uploads\/2023\/12\/musica_nov-12-2021.jpg-300x200.webp 300w, https:\/\/villegasphoto.com\/wp-content\/uploads\/2023\/12\/musica_nov-12-2021.jpg-768x512.webp 768w, https:\/\/villegasphoto.com\/wp-content\/uploads\/2023\/12\/musica_nov-12-2021.jpg-1536x1024.webp 1536w, https:\/\/villegasphoto.com\/wp-content\/uploads\/2023\/12\/musica_nov-12-2021.jpg.webp 2000w\" sizes=\"auto, (max-width: 1024px) 100vw, 1024px\" \/><\/figure><div class=\"wp-block-media-text__content\">\n<h2 class=\"wp-block-heading has-text-align-center\">Music<\/h2>\n\n\n\n<p>The music is colour to the ears and the artists give their all on stage. <\/p>\n\n\n\n<p>Conveying that dedication and feeling to the viewer in a single image is a sublime thing once you have achieved it. <\/p>\n\n\n\n<p>Be it Rock, Jazz, Pop or Hip Hop. The variety of styles enhances the possibility of extracting unique images.<\/p>\n\n\n\n<p><a href=\"https:\/\/villegasphoto.com\/en\/articles\/\" target=\"_blank\" rel=\"noreferrer noopener\">Here you can find some of the articles and images from the events I am covering.<\/a><\/p>\n<\/div><\/div>\n\n<h2 class=\"wp-block-heading\"><\/h2>\n\n<div class=\"wp-block-media-text alignwide has-media-on-the-right is-stacked-on-mobile is-image-fill has-nv-light-bg-background-color has-background\" style=\"grid-template-columns:auto 48%\"><div class=\"wp-block-media-text__content\">\n<h2 class=\"wp-block-heading has-text-align-center\">What services do I offer?<\/h2>\n\n\n\n<p>The following list are the basic services we offer at all performing arts events. We always prepare a detailed quotation once we have been provided with the necessary information.<\/p>\n\n\n\n<p class=\"has-nv-site-bg-background-color has-background\">-.  <strong><strong>Hiring by the hour or by the day.<br \/>-. JPG in high resolution<\/strong>.<br \/>-.  <strong>Basic editing (tones, exposure, etc&#8230;).<br \/>-. Transfer of highlights during the event.<br \/>-. Post-event transfer by Wetransfer.<br \/>-. Travel included in Mallorca<\/strong><\/strong>.<\/p>\n\n\n\n<p class=\"has-text-align-center has-background\" style=\"background-color:#f0c60a;font-size:clamp(14px, 0.875rem + ((1vw - 3.2px) * 0.521), 19px);px\"><strong>Request a quote<\/strong><\/p>\n\n\n<div class=\"wpforms-container wpforms-container-full wpforms-block wpforms-block-3a2768f7-140d-4229-9915-25160fc2d72e wpforms-render-modern\" id=\"wpforms-6574\"><form id=\"wpforms-form-6574\" class=\"wpforms-validate wpforms-form wpforms-ajax-form\" data-formid=\"6574\" method=\"post\" enctype=\"multipart\/form-data\" action=\"\/en\/wp-json\/wp\/v2\/pages\/6606\" data-token=\"e16eddad6cb443e10ca92d97936985f0\" data-token-time=\"1775480566\"><noscript class=\"wpforms-error-noscript\">Please enable JavaScript in your browser to complete this form.<\/noscript><div id=\"wpforms-error-noscript\" style=\"display: none;\">Please enable JavaScript in your browser to complete this form.<\/div><div class=\"wpforms-field-container\"><div id=\"wpforms-6574-field_1-container\" class=\"wpforms-field wpforms-field-name wpforms-one-half wpforms-first\" data-field-id=\"1\"><label class=\"wpforms-field-label\" for=\"wpforms-6574-field_1\">Nombre <span class=\"wpforms-required-label\" aria-hidden=\"true\">*<\/span><\/label><input type=\"text\" id=\"wpforms-6574-field_1\" class=\"wpforms-field-large wpforms-field-required\" name=\"wpforms[fields][1]\" aria-errormessage=\"wpforms-6574-field_1-error\" required><\/div><div id=\"wpforms-6574-field_3-container\" class=\"wpforms-field wpforms-field-text wpforms-one-half\" data-field-id=\"3\"><label class=\"wpforms-field-label\" for=\"wpforms-6574-field_3\">Tel\u00e9fono <span class=\"wpforms-required-label\" aria-hidden=\"true\">*<\/span><\/label><input type=\"text\" id=\"wpforms-6574-field_3\" class=\"wpforms-field-medium wpforms-field-required wpforms-limit-characters-enabled\" data-form-id=\"6574\" data-field-id=\"3\" data-text-limit=\"20\" name=\"wpforms[fields][3]\" placeholder=\"+XX XXX XXX XXX\" aria-errormessage=\"wpforms-6574-field_3-error\" maxlength=\"20\" required><\/div><div id=\"wpforms-6574-field_2-container\" class=\"wpforms-field wpforms-field-email\" data-field-id=\"2\"><label class=\"wpforms-field-label\" for=\"wpforms-6574-field_2\">Correo electr\u00f3nico <span class=\"wpforms-required-label\" aria-hidden=\"true\">*<\/span><\/label><input type=\"email\" id=\"wpforms-6574-field_2\" class=\"wpforms-field-medium wpforms-field-required\" name=\"wpforms[fields][2]\" spellcheck=\"false\" aria-errormessage=\"wpforms-6574-field_2-error\" required><\/div><div id=\"wpforms-6574-field_5-container\" class=\"wpforms-field wpforms-field-textarea\" data-field-id=\"5\"><label class=\"wpforms-field-label\" for=\"wpforms-6574-field_5\">Informaci\u00f3n del evento<\/label><textarea id=\"wpforms-6574-field_5\" class=\"wpforms-field-medium\" name=\"wpforms[fields][5]\" aria-errormessage=\"wpforms-6574-field_5-error\" ><\/textarea><\/div><div id=\"wpforms-6574-field_4-container\" class=\"wpforms-field wpforms-field-gdpr-checkbox\" data-field-id=\"4\"><label class=\"wpforms-field-label\">Acuerdo RGPD <span class=\"wpforms-required-label\" aria-hidden=\"true\">*<\/span><\/label><ul id=\"wpforms-6574-field_4\" class=\"wpforms-field-required\"><li class=\"choice-1\"><input type=\"checkbox\" id=\"wpforms-6574-field_4_1\" name=\"wpforms[fields][4][]\" value=\"Doy mi consentimiento para que esta web almacene la informaci\u00f3n que env\u00edo para que puedan responder a mi petici\u00f3n.\" aria-errormessage=\"wpforms-6574-field_4_1-error\" required ><label class=\"wpforms-field-label-inline\" for=\"wpforms-6574-field_4_1\">Doy mi consentimiento para que esta web almacene la informaci\u00f3n que env\u00edo para que puedan responder a mi petici\u00f3n.<\/label><\/li><\/ul><\/div><\/div><!-- .wpforms-field-container --><div class=\"wpforms-recaptcha-container wpforms-is-turnstile\" ><div class=\"wpforms-turnstile\" data-sitekey=\"0x4AAAAAAAOpm3lpGtWY2sti\" data-action=\"FormID-6574\"><\/div><input type=\"text\" name=\"g-recaptcha-hidden\" class=\"wpforms-recaptcha-hidden\" style=\"position:absolute!important;clip:rect(0,0,0,0)!important;height:1px!important;width:1px!important;border:0!important;overflow:hidden!important;padding:0!important;margin:0!important;\" data-rule-turnstile=\"1\"><\/div><div class=\"wpforms-submit-container\" ><input type=\"hidden\" name=\"wpforms[id]\" value=\"6574\"><input type=\"hidden\" name=\"page_title\" value=\"\"><input type=\"hidden\" name=\"page_url\" value=\"https:\/\/villegasphoto.com\/en\/wp-json\/wp\/v2\/pages\/6606\"><input type=\"hidden\" name=\"url_referer\" value=\"\"><button type=\"submit\" name=\"wpforms[submit]\" id=\"wpforms-submit-6574\" class=\"wpforms-submit\" data-alt-text=\"Enviando...\" data-submit-text=\"Enviar\" aria-live=\"assertive\" value=\"wpforms-submit\">Enviar<\/button><img loading=\"lazy\" decoding=\"async\" src=\"https:\/\/villegasphoto.com\/wp-content\/plugins\/wpforms-lite\/assets\/images\/submit-spin.svg\" class=\"wpforms-submit-spinner\" style=\"display: none;\" width=\"26\" height=\"26\" alt=\"Loading\"><\/div><\/form><\/div>  <!-- .wpforms-container --><\/div><figure class=\"wp-block-media-text__media\" style=\"background-image:url(https:\/\/villegasphoto.com\/wp-content\/uploads\/2023\/12\/form_oct-19-2023-682x1024.webp);background-position:50% 50%\"><img loading=\"lazy\" decoding=\"async\" width=\"682\" height=\"1024\" src=\"https:\/\/villegasphoto.com\/wp-content\/uploads\/2023\/12\/form_oct-19-2023-682x1024.webp\" alt=\"forms\" class=\"wp-image-6595 size-full\" srcset=\"https:\/\/villegasphoto.com\/wp-content\/uploads\/2023\/12\/form_oct-19-2023-682x1024.webp 682w, https:\/\/villegasphoto.com\/wp-content\/uploads\/2023\/12\/form_oct-19-2023-200x300.webp 200w, https:\/\/villegasphoto.com\/wp-content\/uploads\/2023\/12\/form_oct-19-2023-768x1154.webp 768w, https:\/\/villegasphoto.com\/wp-content\/uploads\/2023\/12\/form_oct-19-2023-1022x1536.webp 1022w, https:\/\/villegasphoto.com\/wp-content\/uploads\/2023\/12\/form_oct-19-2023.webp 1198w\" sizes=\"auto, (max-width: 682px) 100vw, 682px\" \/><\/figure><\/div>\n\n<p><\/p>\n","protected":false},"excerpt":{"rendered":"<p>Teather Within the performing arts, theatre is the best known and the one in which I have demonstrable experience covering the most important fairs in the Balearic Islands such as FIET, the Barruguet Festival or the FiraB! I also have the necessary equipment for the difficult conditions in which these events usually take place and [&hellip;]<\/p>\n","protected":false},"author":1,"featured_media":0,"parent":0,"menu_order":0,"comment_status":"closed","ping_status":"closed","template":"page-no-title","meta":{"footnotes":""},"class_list":["post-6606","page","type-page","status-publish","hentry"],"_links":{"self":[{"href":"https:\/\/villegasphoto.com\/en\/wp-json\/wp\/v2\/pages\/6606","targetHints":{"allow":["GET"]}}],"collection":[{"href":"https:\/\/villegasphoto.com\/en\/wp-json\/wp\/v2\/pages"}],"about":[{"href":"https:\/\/villegasphoto.com\/en\/wp-json\/wp\/v2\/types\/page"}],"author":[{"embeddable":true,"href":"https:\/\/villegasphoto.com\/en\/wp-json\/wp\/v2\/users\/1"}],"replies":[{"embeddable":true,"href":"https:\/\/villegasphoto.com\/en\/wp-json\/wp\/v2\/comments?post=6606"}],"version-history":[{"count":2,"href":"https:\/\/villegasphoto.com\/en\/wp-json\/wp\/v2\/pages\/6606\/revisions"}],"predecessor-version":[{"id":6608,"href":"https:\/\/villegasphoto.com\/en\/wp-json\/wp\/v2\/pages\/6606\/revisions\/6608"}],"wp:attachment":[{"href":"https:\/\/villegasphoto.com\/en\/wp-json\/wp\/v2\/media?parent=6606"}],"curies":[{"name":"wp","href":"https:\/\/api.w.org\/{rel}","templated":true}]}}